{"id":78,"date":"2025-04-09T23:28:47","date_gmt":"2025-04-09T23:28:47","guid":{"rendered":"https:\/\/enovationpress.com\/index.php\/lorem-ipsum-dolor-amet-3\/"},"modified":"2025-04-11T03:42:10","modified_gmt":"2025-04-11T03:42:10","slug":"lorem-ipsum-dolor-amet-3","status":"publish","type":"page","link":"https:\/\/enovationpress.com\/index.php\/lorem-ipsum-dolor-amet-3\/","title":{"rendered":"Grito, \u00c7\u0131\u011fl\u0131k, Schrei, Grido, \u558a\u53eb, \u53eb\u3073"},"content":{"rendered":"<p>This is a featured poem inside the 2025 Edition of Our Family Poems and Short Stories.<\/p>\n","protected":false},"excerpt":{"rendered":"<p>This is a featured poem inside the 2025 Edition of Our Family Poems and Short Stories.<\/p>\n","protected":false},"author":1,"featured_media":101,"parent":0,"menu_order":0,"comment_status":"closed","ping_status":"closed","template":"","meta":{"footnotes":""},"class_list":["post-78","page","type-page","status-publish","has-post-thumbnail","hentry"],"_links":{"self":[{"href":"https:\/\/enovationpress.com\/index.php\/wp-json\/wp\/v2\/pages\/78","targetHints":{"allow":["GET"]}}],"collection":[{"href":"https:\/\/enovationpress.com\/index.php\/wp-json\/wp\/v2\/pages"}],"about":[{"href":"https:\/\/enovationpress.com\/index.php\/wp-json\/wp\/v2\/types\/page"}],"author":[{"embeddable":true,"href":"https:\/\/enovationpress.com\/index.php\/wp-json\/wp\/v2\/users\/1"}],"replies":[{"embeddable":true,"href":"https:\/\/enovationpress.com\/index.php\/wp-json\/wp\/v2\/comments?post=78"}],"version-history":[{"count":3,"href":"https:\/\/enovationpress.com\/index.php\/wp-json\/wp\/v2\/pages\/78\/revisions"}],"predecessor-version":[{"id":122,"href":"https:\/\/enovationpress.com\/index.php\/wp-json\/wp\/v2\/pages\/78\/revisions\/122"}],"wp:featuredmedia":[{"embeddable":true,"href":"https:\/\/enovationpress.com\/index.php\/wp-json\/wp\/v2\/media\/101"}],"wp:attachment":[{"href":"https:\/\/enovationpress.com\/index.php\/wp-json\/wp\/v2\/media?parent=78"}],"curies":[{"name":"wp","href":"https:\/\/api.w.org\/{rel}","templated":true}]}}